{"id":3077,"date":"2024-04-28T16:20:10","date_gmt":"2024-04-28T16:20:10","guid":{"rendered":"https:\/\/birlikgeridonusum.com\/?page_id=3077"},"modified":"2024-04-28T16:30:18","modified_gmt":"2024-04-28T16:30:18","slug":"urunlerimiz-hips-antisok","status":"publish","type":"page","link":"https:\/\/birlikgeridonusum.com\/en\/urunlerimiz-hips-antisok\/","title":{"rendered":"HIPS (Anti\u015fok)"},"content":{"rendered":"<div data-elementor-type=\"wp-page\" data-elementor-id=\"3077\" class=\"elementor elementor-3077\">\n\t\t\t\t<div class=\"elementor-element elementor-element-31b8a6c e-flex e-con-boxed e-con e-parent\" data-id=\"31b8a6c\" data-element_type=\"container\" data-settings=\"{&quot;content_width&quot;:&quot;boxed&quot;}\" data-core-v316-plus=\"true\">\n\t\t\t\t\t<div class=\"e-con-inner\">\n\t\t\t\t<div class=\"elementor-element elementor-element-d2c0b2e elementor-widget elementor-widget-heading\" data-id=\"d2c0b2e\" data-element_type=\"widget\" data-widget_type=\"heading.default\">\n\t\t\t\t<div class=\"elementor-widget-container\">\n\t\t\t<style>\/*! elementor - v3.19.0 - 29-01-2024 *\/\n.elementor-heading-title{padding:0;margin:0;line-height:1}.elementor-widget-heading .elementor-heading-title[class*=elementor-size-]>a{color:inherit;font-size:inherit;line-height:inherit}.elementor-widget-heading .elementor-heading-title.elementor-size-small{font-size:15px}.elementor-widget-heading .elementor-heading-title.elementor-size-medium{font-size:19px}.elementor-widget-heading .elementor-heading-title.elementor-size-large{font-size:29px}.elementor-widget-heading .elementor-heading-title.elementor-size-xl{font-size:39px}.elementor-widget-heading .elementor-heading-title.elementor-size-xxl{font-size:59px}<\/style><h2 class=\"elementor-heading-title elementor-size-default\">HIPS (Anti\u015fok)\n<\/h2>\t\t<\/div>\n\t\t\t\t<\/div>\n\t\t\t\t\t<\/div>\n\t\t\t\t<\/div>\n\t\t<div class=\"elementor-element elementor-element-be1f2d7 e-flex e-con-boxed e-con e-parent\" data-id=\"be1f2d7\" data-element_type=\"container\" data-settings=\"{&quot;content_width&quot;:&quot;boxed&quot;}\" data-core-v316-plus=\"true\">\n\t\t\t\t\t<div class=\"e-con-inner\">\n\t\t<div class=\"elementor-element elementor-element-498842d e-con-full e-flex e-con e-child\" data-id=\"498842d\" data-element_type=\"container\" data-settings=\"{&quot;content_width&quot;:&quot;full&quot;}\">\n\t\t\t\t<div class=\"elementor-element elementor-element-60fafee elementor-widget elementor-widget-image\" data-id=\"60fafee\" data-element_type=\"widget\" data-widget_type=\"image.default\">\n\t\t\t\t<div class=\"elementor-widget-container\">\n\t\t\t<style>\/*! elementor - v3.19.0 - 29-01-2024 *\/\n.elementor-widget-image{text-align:center}.elementor-widget-image a{display:inline-block}.elementor-widget-image a img[src$=\".svg\"]{width:48px}.elementor-widget-image img{vertical-align:middle;display:inline-block}<\/style>\t\t\t\t\t\t\t\t\t\t<img fetchpriority=\"high\" decoding=\"async\" width=\"512\" height=\"340\" src=\"https:\/\/birlikgeridonusum.com\/wp-content\/uploads\/2024\/02\/hips.jpg\" class=\"attachment-large size-large wp-image-2546\" alt=\"\" srcset=\"https:\/\/birlikgeridonusum.com\/wp-content\/uploads\/2024\/02\/hips.jpg 512w, https:\/\/birlikgeridonusum.com\/wp-content\/uploads\/2024\/02\/hips-300x199.jpg 300w, https:\/\/birlikgeridonusum.com\/wp-content\/uploads\/2024\/02\/hips-18x12.jpg 18w\" sizes=\"(max-width: 512px) 100vw, 512px\" \/>\t\t\t\t\t\t\t\t\t\t\t\t\t<\/div>\n\t\t\t\t<\/div>\n\t\t\t\t<div class=\"elementor-element elementor-element-6f86cb6 elementor-widget elementor-widget-heading\" data-id=\"6f86cb6\" data-element_type=\"widget\" data-widget_type=\"heading.default\">\n\t\t\t\t<div class=\"elementor-widget-container\">\n\t\t\t<h2 class=\"elementor-heading-title elementor-size-default\">HIPS (Anti\u015fok)<\/h2>\t\t<\/div>\n\t\t\t\t<\/div>\n\t\t\t\t<\/div>\n\t\t<div class=\"elementor-element elementor-element-fe3a40e e-con-full e-flex e-con e-child\" data-id=\"fe3a40e\" data-element_type=\"container\" data-settings=\"{&quot;content_width&quot;:&quot;full&quot;}\">\n\t\t\t\t<div class=\"elementor-element elementor-element-e72643f elementor-widget elementor-widget-text-editor\" data-id=\"e72643f\" data-element_type=\"widget\" data-widget_type=\"text-editor.default\">\n\t\t\t\t<div class=\"elementor-widget-container\">\n\t\t\t<style>\/*! elementor - v3.19.0 - 29-01-2024 *\/\n.elementor-widget-text-editor.elementor-drop-cap-view-stacked .elementor-drop-cap{background-color:#69727d;color:#fff}.elementor-widget-text-editor.elementor-drop-cap-view-framed .elementor-drop-cap{color:#69727d;border:3px solid;background-color:transparent}.elementor-widget-text-editor:not(.elementor-drop-cap-view-default) .elementor-drop-cap{margin-top:8px}.elementor-widget-text-editor:not(.elementor-drop-cap-view-default) .elementor-drop-cap-letter{width:1em;height:1em}.elementor-widget-text-editor .elementor-drop-cap{float:left;text-align:center;line-height:1;font-size:50px}.elementor-widget-text-editor .elementor-drop-cap-letter{display:inline-block}<\/style>\t\t\t\t<p><span style=\"font-weight: 400;\">High Impact Polystyrene (HIPS), commonly known as \"antishock\" in the market, is a high-impact resistant polystyrene. It is the most versatile plastic sheet available that can be processed smoothly, offers freedom in molding, provides increased impact resistance, and significant cost advantages. It is the material of choice for vacuum formers and screen printers who want to produce quality work on limited budgets.<\/span><\/p><p>\u00a0<\/p><p><span style=\"font-weight: 400;\">High Impact Polystyrene (HIPS) sheets find a wide range of applications from covering bathroom cabinet doors to bathtub front panels, from sales stands to car roof racks, and furniture parts. The absence of crystallization energy allows for rapid heating and cooling, thus providing the advantage of quick molding. It can be easily molded without degradation using low energy through extrusion and injection molding methods.<\/span><\/p>\t\t\t\t\t\t<\/div>\n\t\t\t\t<\/div>\n\t\t\t\t<\/div>\n\t\t\t\t\t<\/div>\n\t\t\t\t<\/div>\n\t\t\t\t<\/div>","protected":false},"excerpt":{"rendered":"<p>HIPS (Anti\u015fok) HIPS (Anti\u015fok) Piyasada \u201canti\u015fok\u201d olarak bilinen y\u00fcksek darbe dayan\u0131ml\u0131 bir polistirendir.\u00a0 Sorunsuz proses edilebilen, formlama \u00f6zg\u00fcrl\u00fc\u011f\u00fc veren, art\u0131r\u0131lm\u0131\u015f [&hellip;]<\/p>","protected":false},"author":1,"featured_media":0,"parent":0,"menu_order":0,"comment_status":"closed","ping_status":"closed","template":"","meta":{"site-sidebar-layout":"no-sidebar","site-content-layout":"page-builder","ast-site-content-layout":"full-width-container","site-content-style":"default","site-sidebar-style":"default","ast-global-header-display":"","ast-banner-title-visibility":"","ast-main-header-display":"","ast-hfb-above-header-display":"","ast-hfb-below-header-display":"","ast-hfb-mobile-header-display":"","site-post-title":"disabled","ast-breadcrumbs-content":"","ast-featured-img":"disabled","footer-sml-layout":"","theme-transparent-header-meta":"","adv-header-id-meta":"","stick-header-meta":"","header-above-stick-meta":"","header-main-stick-meta":"","header-below-stick-meta":"","astra-migrate-meta-layouts":"set","ast-page-background-enabled":"default","ast-page-background-meta":{"desktop":{"background-color":"","background-image":"","background-repeat":"repeat","background-position":"center center","background-size":"auto","background-attachment":"scroll","background-type":"","background-media":"","overlay-type":"","overlay-color":"","overlay-gradient":""},"tablet":{"background-color":"","background-image":"","background-repeat":"repeat","background-position":"center center","background-size":"auto","background-attachment":"scroll","background-type":"","background-media":"","overlay-type":"","overlay-color":"","overlay-gradient":""},"mobile":{"background-color":"","background-image":"","background-repeat":"repeat","background-position":"center center","background-size":"auto","background-attachment":"scroll","background-type":"","background-media":"","overlay-type":"","overlay-color":"","overlay-gradient":""}},"ast-content-background-meta":{"desktop":{"background-color":"var(--ast-global-color-5)","background-image":"","background-repeat":"repeat","background-position":"center center","background-size":"auto","background-attachment":"scroll","background-type":"","background-media":"","overlay-type":"","overlay-color":"","overlay-gradient":""},"tablet":{"background-color":"var(--ast-global-color-5)","background-image":"","background-repeat":"repeat","background-position":"center center","background-size":"auto","background-attachment":"scroll","background-type":"","background-media":"","overlay-type":"","overlay-color":"","overlay-gradient":""},"mobile":{"background-color":"var(--ast-global-color-5)","background-image":"","background-repeat":"repeat","background-position":"center center","background-size":"auto","background-attachment":"scroll","background-type":"","background-media":"","overlay-type":"","overlay-color":"","overlay-gradient":""}},"footnotes":"","_joinchat":[]},"_links":{"self":[{"href":"https:\/\/birlikgeridonusum.com\/en\/wp-json\/wp\/v2\/pages\/3077"}],"collection":[{"href":"https:\/\/birlikgeridonusum.com\/en\/wp-json\/wp\/v2\/pages"}],"about":[{"href":"https:\/\/birlikgeridonusum.com\/en\/wp-json\/wp\/v2\/types\/page"}],"author":[{"embeddable":true,"href":"https:\/\/birlikgeridonusum.com\/en\/wp-json\/wp\/v2\/users\/1"}],"replies":[{"embeddable":true,"href":"https:\/\/birlikgeridonusum.com\/en\/wp-json\/wp\/v2\/comments?post=3077"}],"version-history":[{"count":4,"href":"https:\/\/birlikgeridonusum.com\/en\/wp-json\/wp\/v2\/pages\/3077\/revisions"}],"predecessor-version":[{"id":3081,"href":"https:\/\/birlikgeridonusum.com\/en\/wp-json\/wp\/v2\/pages\/3077\/revisions\/3081"}],"wp:attachment":[{"href":"https:\/\/birlikgeridonusum.com\/en\/wp-json\/wp\/v2\/media?parent=3077"}],"curies":[{"name":"wp","href":"https:\/\/api.w.org\/{rel}","templated":true}]}}